{"id":376,"date":"2023-03-14T08:56:27","date_gmt":"2023-03-14T08:56:27","guid":{"rendered":"http:\/\/eiarkiteknik.com\/cookie-politika\/"},"modified":"2023-03-14T10:18:59","modified_gmt":"2023-03-14T10:18:59","slug":"politica-de-cookies","status":"publish","type":"page","link":"https:\/\/eig.eus\/es\/politica-de-cookies\/","title":{"rendered":"Politica de cookies"},"content":{"rendered":"[vc_row type=\u00bbin_container\u00bb full_screen_row_position=\u00bbmiddle\u00bb column_margin=\u00bbdefault\u00bb column_direction=\u00bbdefault\u00bb column_direction_tablet=\u00bbdefault\u00bb column_direction_phone=\u00bbdefault\u00bb scene_position=\u00bbcenter\u00bb text_color=\u00bbdark\u00bb text_align=\u00bbleft\u00bb row_border_radius=\u00bbnone\u00bb row_border_radius_applies=\u00bbbg\u00bb overflow=\u00bbvisible\u00bb overlay_strength=\u00bb0.3&#8243; gradient_direction=\u00bbleft_to_right\u00bb shape_divider_position=\u00bbbottom\u00bb bg_image_animation=\u00bbnone\u00bb][vc_column column_padding=\u00bbno-extra-padding\u00bb column_padding_tablet=\u00bbinherit\u00bb column_padding_phone=\u00bbinherit\u00bb column_padding_position=\u00bball\u00bb column_element_direction_desktop=\u00bbdefault\u00bb column_element_spacing=\u00bbdefault\u00bb desktop_text_alignment=\u00bbdefault\u00bb tablet_text_alignment=\u00bbdefault\u00bb phone_text_alignment=\u00bbdefault\u00bb background_color_opacity=\u00bb1&#8243; background_hover_color_opacity=\u00bb1&#8243; column_backdrop_filter=\u00bbnone\u00bb column_shadow=\u00bbnone\u00bb column_border_radius=\u00bbnone\u00bb column_link_target=\u00bb_self\u00bb column_position=\u00bbdefault\u00bb gradient_direction=\u00bbleft_to_right\u00bb overlay_strength=\u00bb0.3&#8243; width=\u00bb1\/1&#8243; tablet_width_inherit=\u00bbdefault\u00bb animation_type=\u00bbdefault\u00bb bg_image_animation=\u00bbnone\u00bb border_type=\u00bbsimple\u00bb column_border_width=\u00bbnone\u00bb column_border_style=\u00bbsolid\u00bb][vc_row_inner column_margin=\u00bbdefault\u00bb column_direction=\u00bbdefault\u00bb column_direction_tablet=\u00bbdefault\u00bb column_direction_phone=\u00bbdefault\u00bb text_align=\u00bbleft\u00bb row_position=\u00bbdefault\u00bb row_position_tablet=\u00bbinherit\u00bb row_position_phone=\u00bbinherit\u00bb overflow=\u00bbvisible\u00bb pointer_events=\u00bball\u00bb][vc_column_inner column_padding=\u00bbno-extra-padding\u00bb column_padding_tablet=\u00bbinherit\u00bb column_padding_phone=\u00bbinherit\u00bb column_padding_position=\u00bball\u00bb column_element_direction_desktop=\u00bbdefault\u00bb column_element_spacing=\u00bbdefault\u00bb desktop_text_alignment=\u00bbdefault\u00bb tablet_text_alignment=\u00bbdefault\u00bb phone_text_alignment=\u00bbdefault\u00bb background_color_opacity=\u00bb1&#8243; background_hover_color_opacity=\u00bb1&#8243; column_backdrop_filter=\u00bbnone\u00bb column_shadow=\u00bbnone\u00bb column_border_radius=\u00bbnone\u00bb column_link_target=\u00bb_self\u00bb overflow=\u00bbvisible\u00bb gradient_direction=\u00bbleft_to_right\u00bb overlay_strength=\u00bb0.3&#8243; width=\u00bb1\/1&#8243; tablet_width_inherit=\u00bbdefault\u00bb animation_type=\u00bbdefault\u00bb bg_image_animation=\u00bbnone\u00bb border_type=\u00bbsimple\u00bb column_border_width=\u00bbnone\u00bb column_border_style=\u00bbsolid\u00bb][vc_column_text]\n<h1>Pol\u00edtica de cookies<\/h1>\n<p>Se informa al Usuario de que este Sitio Web utiliza cookies y tecnolog\u00edas similares. Las cookies son peque\u00f1os ficheros de datos que se colocan en el dispositivo del Usuario y que permiten el almacenamiento de informaci\u00f3n relacionada con la navegaci\u00f3n realizada. En particular, las cookies permiten a este Sitio Web conocer, entre otra, la siguiente informaci\u00f3n:<br \/>\n\u2022 La fecha y hora de la \u00faltima vez que el Usuario visit\u00f3 el Sitio Web;<br \/>\n\u2022 El dise\u00f1o de contenidos que el Usuario escogi\u00f3 en su primera visita al Sitio Web;<br \/>\n\u2022 Elementos de seguridad que interviene en el control de acceso a las \u00e1reas restringidas. El Usuario tiene la opci\u00f3n de impedir la generaci\u00f3n de cookies, mediante la selecci\u00f3n de la correspondiente opci\u00f3n en su programa Navegador.<br \/>\nLas Cookies permiten al Sitio Web, entre otras cosas, almacenar y retener informaci\u00f3n sobre los h\u00e1bitos de navegaci\u00f3n de los Usuarios o de sus dispositivos y, dependiendo de la informaci\u00f3n en ellos contenida y del uso que est\u00e9n haciendo de los dispositivos, pueden ser utilizadas para reconocer al Usuario.<\/p>\n<h2>\u00bfQU\u00c9 COOKIES UTILIZAMOS?<\/h2>\n<p>\u2022 Cookies de sesi\u00f3n: Son un tipo de cookies dise\u00f1adas para recabar y almacenar datos mientras el usuario accede a una p\u00e1gina web. Permite controlar la sesi\u00f3n del usuario en la aplicaci\u00f3n que soporta la web corporativa. Son cookies temporales que permanecen en el archivo de cookies de su navegador hasta que abandone la p\u00e1gina web, por lo que ninguna queda registrada en el disco duro del usuario. Estas cookies no recogen ninguna informaci\u00f3n sobre su navegaci\u00f3n que pueda ser utilizada por acciones de marketing o para recordar por qu\u00e9 p\u00e1ginas ha navegado.<br \/>\n\u2022 Cookies de an\u00e1lisis: Son aqu\u00e9llas que nos permiten cuantificar el n\u00famero de usuarios y as\u00ed realizar la medici\u00f3n y an\u00e1lisis de la utilizaci\u00f3n que hacen del servicio ofertado. Los fines son puramente estad\u00edsticos y nos sirven para poder mejorar nuestros contenidos.<br \/>\nTIPOS POSIBLES DE COOKIES<br \/>\n\u2022 Cookies de sesi\u00f3n: Son un tipo de cookies dise\u00f1adas para recabar y almacenar datos mientras el usuario accede a una p\u00e1gina web, y no queda registrada en el disco del usuario.<br \/>\n\u2022 Cookies persistentes: Son un tipo de cookies en el que los datos siguen almacenados en el terminal y pueden ser accedidos y tratados durante un periodo definido por el responsable de la cookie, y que puede ir de unos minutos a varios a\u00f1os.<br \/>\nLas cookies tambi\u00e9n pueden ser:<br \/>\n\u2022 Propias: son cookies generadas por la propia p\u00e1gina web que se est\u00e1 visitando.<br \/>\n\u2022 De terceros: son cookies que se reciben al navegar por esa p\u00e1gina web, pero que han sido generadas por un tercer servicio que se encuentra hospedado en ella.<br \/>\nEl Sitio Web utiliza cookies de terceros. En concreto, utiliza las siguientes cookies de terceros:<\/p>\n<p>&nbsp;<\/p>\n<p>&nbsp;<\/p>\n<p>&nbsp;<\/p>\n<table width=\"1202\">\n<tbody>\n<tr>\n<td width=\"252\"><strong>Nombre<\/strong><\/td>\n<td width=\"132\"><strong>Origen<\/strong><\/td>\n<td width=\"147\"><strong>Finalidad<\/strong><\/td>\n<td width=\"221\"><strong>Duraci\u00f3n<\/strong><\/td>\n<td width=\"716\"><strong>Para m\u00e1s informaci\u00f3n\u2026<\/strong><\/td>\n<\/tr>\n<tr>\n<td width=\"252\"><em>_ga<\/em><br \/>\n<em>_stripe_mid<\/em><\/td>\n<td width=\"132\">Fontawesome.com<\/td>\n<td width=\"147\">Destinadas al an\u00e1lisis de los iconos usados de fontawesome<\/td>\n<td width=\"221\"><em>_ga: 1 a\u00f1os<\/em><br \/>\n<em>_stripe-mid<\/em><em>: 1 a\u00f1os<\/em><\/td>\n<td width=\"716\"><a href=\"https:\/\/fontawesome.com\/support\">https:\/\/fontawesome.com\/support<\/a><\/td>\n<\/tr>\n<tr>\n<td width=\"252\"><em>_ga<\/em><\/td>\n<td width=\"132\">Google Analytics<\/td>\n<td width=\"147\">Destinadas al an\u00e1lisis de la web, por ejemplo cu\u00e1ntas p\u00e1ginas ha visitado un usuario o el tiempo de sesi\u00f3n<\/td>\n<td width=\"221\"><em>_ga: 1 a\u00f1os<\/em><\/td>\n<td width=\"716\"><\/td>\n<\/tr>\n<tr>\n<td width=\"252\">wp-wpml_current_language<\/td>\n<td width=\"132\">WPML<\/td>\n<td width=\"147\">Destinadas al an\u00e1lisis del idioma establecido<\/td>\n<td width=\"221\">1 d\u00eda<\/td>\n<td width=\"716\"><\/td>\n<\/tr>\n<\/tbody>\n<\/table>\n<h2>FINES DE LAS COOKIES<\/h2>\n<p>\u2022 Fines t\u00e9cnicos: Son necesarias para el funcionamiento de la p\u00e1gina web. Son las denominadas tambi\u00e9n estrictamente necesarias. Hacen posible el control de tr\u00e1fico desde el servidor a m\u00faltiples usuarios a la vez, la identificaci\u00f3n y el acceso como usuario del sistema, etc.<br \/>\n\u2022 Personalizaci\u00f3n: Hacen posible que cada usuario pueda configurar aspectos como el lenguaje en el que desea ver la p\u00e1gina web o la configuraci\u00f3n regional.<br \/>\n\u2022 An\u00e1lisis o rendimiento: Permiten medir el n\u00famero de visitas y criterios de navegaci\u00f3n de diferentes \u00e1reas de la web de forma an\u00f3nima.<br \/>\n\u2022 Publicidad: Permiten implementar par\u00e1metros de eficiencia en la publicidad ofrecida en las p\u00e1ginas web.<br \/>\n\u2022 Publicidad comportamental: Permiten implementar par\u00e1metros de eficiencia en la publicidad ofrecida en las p\u00e1ginas web, basados en informaci\u00f3n sobre el comportamiento de los usuarios.<\/p>\n<h2>C\u00d3MO MODIFICAR LA CONFIGURACI\u00d3N DE LAS COOKIES<\/h2>\n<p>Usted puede restringir, bloquear o borrar las cookies de esta p\u00e1gina web o cualquier otra p\u00e1gina web, utilizando su navegador. En cada navegador la operativa es diferente, la funci\u00f3n de \u2018Ayuda\u201d le mostrar\u00e1 c\u00f3mo hacerlo.<br \/>\nC\u00d3MO DESINSTALAR COOKIES<br \/>\nSi quieres borrar de tu navegador las cookies registradas por eiarkiteknik.com, aqu\u00ed tienes enlaces a instrucciones para distintos navegadores:<br \/>\n\u2022 Internet Explorer: http:\/\/windows.microsoft.com\/es-es\/internet-explorer\/delete-manage-cookies<br \/>\n\u2022 Google Chrome: https:\/\/support.google.com\/chrome\/answer\/95647<br \/>\n\u2022 Firefox: https:\/\/support.mozilla.org\/es\/kb\/Borrar%20cookies<br \/>\n\u2022 Safari: https:\/\/support.apple.com\/es-es\/HT201265. Entra al men\u00faSafari &gt; Preferencias. En la secci\u00f3n Privacidad, pulsa el bot\u00f3n Detalles Selecciona el sitio web que almacena cookies y pulsa Eliminar, o pulsa Eliminar Todos para borrar todas las cookies.<\/p>\n<h2>MODIFICACIONES<\/h2>\n<p>La p\u00e1gina WEB eiarkiteknik.com titularidad de Esti Igartua puede modificar esta pol\u00edtica de cookies en funci\u00f3n de las exigencias legales. O con la finalidad de adaptar dicha pol\u00edtica a las instrucciones dictadas por la Agencia Espa\u00f1ola de Protecci\u00f3n de Datos.<br \/>\nPor esta raz\u00f3n, aconsejamos a los usuarios que la visiten peri\u00f3dicamente. Cuando se produzcan cambios significativos en esta pol\u00edtica de cookies, se comunicar\u00e1n a los usuarios, bien mediante la web o a trav\u00e9s de correo electr\u00f3nico a los usuarios registrados.[\/vc_column_text][\/vc_column_inner][\/vc_row_inner][\/vc_column][\/vc_row]\n","protected":false},"excerpt":{"rendered":"<p>[vc_row type=\u00bbin_container\u00bb full_screen_row_position=\u00bbmiddle\u00bb column_margin=\u00bbdefault\u00bb column_direction=\u00bbdefault\u00bb column_direction_tablet=\u00bbdefault\u00bb column_direction_phone=\u00bbdefault\u00bb scene_position=\u00bbcenter\u00bb text_color=\u00bbdark\u00bb text_align=\u00bbleft\u00bb row_border_radius=\u00bbnone\u00bb row_border_radius_applies=\u00bbbg\u00bb overflow=\u00bbvisible\u00bb overlay_strength=\u00bb0.3&#8243; gradient_direction=\u00bbleft_to_right\u00bb shape_divider_position=\u00bbbottom\u00bb bg_image_animation=\u00bbnone\u00bb][vc_column column_padding=\u00bbno-extra-padding\u00bb column_padding_tablet=\u00bbinherit\u00bb column_padding_phone=\u00bbinherit\u00bb column_padding_position=\u00bball\u00bb column_element_direction_desktop=\u00bbdefault\u00bb column_element_spacing=\u00bbdefault\u00bb desktop_text_alignment=\u00bbdefault\u00bb tablet_text_alignment=\u00bbdefault\u00bb phone_text_alignment=\u00bbdefault\u00bb background_color_opacity=\u00bb1&#8243; background_hover_color_opacity=\u00bb1&#8243; column_backdrop_filter=\u00bbnone\u00bb column_shadow=\u00bbnone\u00bb&#8230;<\/p>\n","protected":false},"author":1,"featured_media":0,"parent":0,"menu_order":0,"comment_status":"closed","ping_status":"closed","template":"","meta":{"footnotes":""},"class_list":["post-376","page","type-page","status-publish"],"yoast_head":"<!-- This site is optimized with the Yoast SEO plugin v19.11 - https:\/\/yoast.com\/wordpress\/plugins\/seo\/ -->\r\n<title>Politica de cookies | Esti igartua<\/title>\r\n<meta name=\"robots\" content=\"noindex, nofollow\" \/>\r\n<meta property=\"og:locale\" content=\"es_ES\" \/>\r\n<meta property=\"og:type\" content=\"article\" \/>\r\n<meta property=\"og:title\" content=\"Politica de cookies | Esti igartua\" \/>\r\n<meta property=\"og:description\" content=\"[vc_row type=\u00bbin_container\u00bb full_screen_row_position=\u00bbmiddle\u00bb column_margin=\u00bbdefault\u00bb column_direction=\u00bbdefault\u00bb column_direction_tablet=\u00bbdefault\u00bb column_direction_phone=\u00bbdefault\u00bb scene_position=\u00bbcenter\u00bb text_color=\u00bbdark\u00bb text_align=\u00bbleft\u00bb row_border_radius=\u00bbnone\u00bb row_border_radius_applies=\u00bbbg\u00bb overflow=\u00bbvisible\u00bb overlay_strength=\u00bb0.3&#8243; gradient_direction=\u00bbleft_to_right\u00bb shape_divider_position=\u00bbbottom\u00bb bg_image_animation=\u00bbnone\u00bb][vc_column column_padding=\u00bbno-extra-padding\u00bb column_padding_tablet=\u00bbinherit\u00bb column_padding_phone=\u00bbinherit\u00bb column_padding_position=\u00bball\u00bb column_element_direction_desktop=\u00bbdefault\u00bb column_element_spacing=\u00bbdefault\u00bb desktop_text_alignment=\u00bbdefault\u00bb tablet_text_alignment=\u00bbdefault\u00bb phone_text_alignment=\u00bbdefault\u00bb background_color_opacity=\u00bb1&#8243; background_hover_color_opacity=\u00bb1&#8243; column_backdrop_filter=\u00bbnone\u00bb column_shadow=\u00bbnone\u00bb...\" \/>\r\n<meta property=\"og:url\" content=\"https:\/\/eig.eus\/es\/politica-de-cookies\/\" \/>\r\n<meta property=\"og:site_name\" content=\"Esti igartua\" \/>\r\n<meta property=\"article:modified_time\" content=\"2023-03-14T10:18:59+00:00\" \/>\r\n<meta name=\"twitter:card\" content=\"summary_large_image\" \/>\r\n<meta name=\"twitter:label1\" content=\"Tiempo de lectura\" \/>\n\t<meta name=\"twitter:data1\" content=\"6 minutos\" \/>\r\n<script type=\"application\/ld+json\" class=\"yoast-schema-graph\">{\"@context\":\"https:\/\/schema.org\",\"@graph\":[{\"@type\":\"WebPage\",\"@id\":\"https:\/\/eig.eus\/es\/politica-de-cookies\/\",\"url\":\"https:\/\/eig.eus\/es\/politica-de-cookies\/\",\"name\":\"Politica de cookies | Esti igartua\",\"isPartOf\":{\"@id\":\"https:\/\/eig.eus\/es\/#website\"},\"datePublished\":\"2023-03-14T08:56:27+00:00\",\"dateModified\":\"2023-03-14T10:18:59+00:00\",\"breadcrumb\":{\"@id\":\"https:\/\/eig.eus\/es\/politica-de-cookies\/#breadcrumb\"},\"inLanguage\":\"es\",\"potentialAction\":[{\"@type\":\"ReadAction\",\"target\":[\"https:\/\/eig.eus\/es\/politica-de-cookies\/\"]}]},{\"@type\":\"BreadcrumbList\",\"@id\":\"https:\/\/eig.eus\/es\/politica-de-cookies\/#breadcrumb\",\"itemListElement\":[{\"@type\":\"ListItem\",\"position\":1,\"name\":\"Home\",\"item\":\"https:\/\/eig.eus\/es\/hasiera\/\"},{\"@type\":\"ListItem\",\"position\":2,\"name\":\"Politica de cookies\"}]},{\"@type\":\"WebSite\",\"@id\":\"https:\/\/eig.eus\/es\/#website\",\"url\":\"https:\/\/eig.eus\/es\/\",\"name\":\"Esti igartua\",\"description\":\"Arkitekto teknikoa\",\"potentialAction\":[{\"@type\":\"SearchAction\",\"target\":{\"@type\":\"EntryPoint\",\"urlTemplate\":\"https:\/\/eig.eus\/es\/?s={search_term_string}\"},\"query-input\":\"required name=search_term_string\"}],\"inLanguage\":\"es\"}]}<\/script>\r\n<!-- \/ Yoast SEO plugin. -->","yoast_head_json":{"title":"Politica de cookies | Esti igartua","robots":{"index":"noindex","follow":"nofollow"},"og_locale":"es_ES","og_type":"article","og_title":"Politica de cookies | Esti igartua","og_description":"[vc_row type=\u00bbin_container\u00bb full_screen_row_position=\u00bbmiddle\u00bb column_margin=\u00bbdefault\u00bb column_direction=\u00bbdefault\u00bb column_direction_tablet=\u00bbdefault\u00bb column_direction_phone=\u00bbdefault\u00bb scene_position=\u00bbcenter\u00bb text_color=\u00bbdark\u00bb text_align=\u00bbleft\u00bb row_border_radius=\u00bbnone\u00bb row_border_radius_applies=\u00bbbg\u00bb overflow=\u00bbvisible\u00bb overlay_strength=\u00bb0.3&#8243; gradient_direction=\u00bbleft_to_right\u00bb shape_divider_position=\u00bbbottom\u00bb bg_image_animation=\u00bbnone\u00bb][vc_column column_padding=\u00bbno-extra-padding\u00bb column_padding_tablet=\u00bbinherit\u00bb column_padding_phone=\u00bbinherit\u00bb column_padding_position=\u00bball\u00bb column_element_direction_desktop=\u00bbdefault\u00bb column_element_spacing=\u00bbdefault\u00bb desktop_text_alignment=\u00bbdefault\u00bb tablet_text_alignment=\u00bbdefault\u00bb phone_text_alignment=\u00bbdefault\u00bb background_color_opacity=\u00bb1&#8243; background_hover_color_opacity=\u00bb1&#8243; column_backdrop_filter=\u00bbnone\u00bb column_shadow=\u00bbnone\u00bb...","og_url":"https:\/\/eig.eus\/es\/politica-de-cookies\/","og_site_name":"Esti igartua","article_modified_time":"2023-03-14T10:18:59+00:00","twitter_card":"summary_large_image","twitter_misc":{"Tiempo de lectura":"6 minutos"},"schema":{"@context":"https:\/\/schema.org","@graph":[{"@type":"WebPage","@id":"https:\/\/eig.eus\/es\/politica-de-cookies\/","url":"https:\/\/eig.eus\/es\/politica-de-cookies\/","name":"Politica de cookies | Esti igartua","isPartOf":{"@id":"https:\/\/eig.eus\/es\/#website"},"datePublished":"2023-03-14T08:56:27+00:00","dateModified":"2023-03-14T10:18:59+00:00","breadcrumb":{"@id":"https:\/\/eig.eus\/es\/politica-de-cookies\/#breadcrumb"},"inLanguage":"es","potentialAction":[{"@type":"ReadAction","target":["https:\/\/eig.eus\/es\/politica-de-cookies\/"]}]},{"@type":"BreadcrumbList","@id":"https:\/\/eig.eus\/es\/politica-de-cookies\/#breadcrumb","itemListElement":[{"@type":"ListItem","position":1,"name":"Home","item":"https:\/\/eig.eus\/es\/hasiera\/"},{"@type":"ListItem","position":2,"name":"Politica de cookies"}]},{"@type":"WebSite","@id":"https:\/\/eig.eus\/es\/#website","url":"https:\/\/eig.eus\/es\/","name":"Esti igartua","description":"Arkitekto teknikoa","potentialAction":[{"@type":"SearchAction","target":{"@type":"EntryPoint","urlTemplate":"https:\/\/eig.eus\/es\/?s={search_term_string}"},"query-input":"required name=search_term_string"}],"inLanguage":"es"}]}},"_links":{"self":[{"href":"https:\/\/eig.eus\/es\/wp-json\/wp\/v2\/pages\/376","targetHints":{"allow":["GET"]}}],"collection":[{"href":"https:\/\/eig.eus\/es\/wp-json\/wp\/v2\/pages"}],"about":[{"href":"https:\/\/eig.eus\/es\/wp-json\/wp\/v2\/types\/page"}],"author":[{"embeddable":true,"href":"https:\/\/eig.eus\/es\/wp-json\/wp\/v2\/users\/1"}],"replies":[{"embeddable":true,"href":"https:\/\/eig.eus\/es\/wp-json\/wp\/v2\/comments?post=376"}],"version-history":[{"count":5,"href":"https:\/\/eig.eus\/es\/wp-json\/wp\/v2\/pages\/376\/revisions"}],"predecessor-version":[{"id":379,"href":"https:\/\/eig.eus\/es\/wp-json\/wp\/v2\/pages\/376\/revisions\/379"}],"wp:attachment":[{"href":"https:\/\/eig.eus\/es\/wp-json\/wp\/v2\/media?parent=376"}],"curies":[{"name":"wp","href":"https:\/\/api.w.org\/{rel}","templated":true}]}}